{"id":124,"date":"2022-11-04T13:20:36","date_gmt":"2022-11-04T13:20:36","guid":{"rendered":"https:\/\/canusacorp.com\/?page_id=124"},"modified":"2022-12-30T16:44:57","modified_gmt":"2022-12-30T16:44:57","slug":"who-we-are","status":"publish","type":"page","link":"https:\/\/canusacorp.com\/de\/who-we-are\/","title":{"rendered":"Wer wir sind"},"content":{"rendered":"<p>[et_pb_section fb_built=&#8221;1&#8243; custom_padding_last_edited=&#8221;on|phone&#8221; _builder_version=&#8221;4.18.1&#8243; _module_preset=&#8221;default&#8221; background_color=&#8221;rgba(0,0,0,0.27)&#8221; background_image=&#8221;https:\/\/canusacorp.com\/wp-content\/uploads\/2022\/12\/History.jpg&#8221; background_position=&#8221;top_center&#8221; background_blend=&#8221;overlay&#8221; background_enable_video_mp4=&#8221;off&#8221; background_video_width=&#8221;100%&#8221; custom_padding=&#8221;335px||235px||false|false&#8221; custom_padding_tablet=&#8221;200px||||false|false&#8221; custom_padding_phone=&#8221;100px||125px||false|false&#8221; global_colors_info=&#8221;{}&#8221;][et_pb_row _builder_version=&#8221;4.18.1&#8243; _module_preset=&#8221;default&#8221; width=&#8221;90%&#8221; max_width=&#8221;1440px&#8221; global_colors_info=&#8221;{}&#8221;][et_pb_column type=&#8221;4_4&#8243; _builder_version=&#8221;4.18.1&#8243; _module_preset=&#8221;default&#8221; global_colors_info=&#8221;{}&#8221;][et_pb_text _builder_version=&#8221;4.18.1&#8243; _module_preset=&#8221;default&#8221; header_font=&#8221;Oswald|700|||||||&#8221; header_text_color=&#8221;#FFFFFF&#8221; header_font_size=&#8221;57px&#8221; animation_style=&#8221;slide&#8221; animation_direction=&#8221;top&#8221; header_font_size_tablet=&#8221;57px&#8221; header_font_size_phone=&#8221;40px&#8221; header_font_size_last_edited=&#8221;on|phone&#8221; global_colors_info=&#8221;{}&#8221;]<\/p>\n<h1>Geschichte<\/h1>\n<p>[\/et_pb_text][\/et_pb_column][\/et_pb_row][\/et_pb_section][et_pb_section fb_built=&#8221;1&#8243; disabled_on=&#8221;on|on|on&#8221; _builder_version=&#8221;4.18.1&#8243; _module_preset=&#8221;default&#8221; background_color=&#8221;RGBA(255,255,255,0)&#8221; custom_margin=&#8221;-175px||||false|false&#8221; custom_margin_tablet=&#8221;-175px||||false|false&#8221; custom_margin_phone=&#8221;-100px||||false|false&#8221; custom_margin_last_edited=&#8221;on|phone&#8221; custom_padding=&#8221;0px||0px||true|false&#8221; disabled=&#8221;on&#8221; global_colors_info=&#8221;{}&#8221;][et_pb_row custom_padding_last_edited=&#8221;on|phone&#8221; _builder_version=&#8221;4.18.1&#8243; _module_preset=&#8221;default&#8221; background_color=&#8221;#009247&#8243; width=&#8221;90%&#8221; max_width=&#8221;967px&#8221; custom_padding=&#8221;40px|150px|60px|150px|false|true&#8221; custom_padding_tablet=&#8221;|0px||0px|false|true&#8221; custom_padding_phone=&#8221;40px|15px|40px|15px|false|true&#8221; global_colors_info=&#8221;{}&#8221;][et_pb_column type=&#8221;4_4&#8243; _builder_version=&#8221;4.18.1&#8243; _module_preset=&#8221;default&#8221; global_colors_info=&#8221;{}&#8221;][et_pb_text _builder_version=&#8221;4.18.1&#8243; _module_preset=&#8221;default&#8221; text_font=&#8221;Oswald|300|||||||&#8221; text_text_color=&#8221;#FFFFFF&#8221; text_font_size=&#8221;52px&#8221; text_line_height=&#8221;1.3em&#8221; text_orientation=&#8221;center&#8221; width_tablet=&#8221;100%&#8221; width_phone=&#8221;100%&#8221; width_last_edited=&#8221;on|tablet&#8221; custom_padding=&#8221;|51px|25px|51px|false|true&#8221; custom_padding_tablet=&#8221;|51px|25px|51px|false|true&#8221; custom_padding_phone=&#8221;|0px|25px|0px|false|true&#8221; custom_padding_last_edited=&#8221;on|phone&#8221; animation_style=&#8221;slide&#8221; animation_direction=&#8221;bottom&#8221; text_font_size_tablet=&#8221;52px&#8221; text_font_size_phone=&#8221;28px&#8221; text_font_size_last_edited=&#8221;on|phone&#8221; border_width_bottom=&#8221;2px&#8221; border_color_bottom=&#8221;rgba(255,255,255,0.34)&#8221; global_colors_info=&#8221;{}&#8221;]<\/p>\n<p>\u201cLorem ipsum dolor sit amet, consetetur sadipscing elitr\u201d<\/p>\n<p>[\/et_pb_text][\/et_pb_column][\/et_pb_row][\/et_pb_section][et_pb_section fb_built=&#8221;1&#8243; custom_padding_last_edited=&#8221;on|phone&#8221; _builder_version=&#8221;4.18.1&#8243; _module_preset=&#8221;default&#8221; custom_padding=&#8221;65px||50px||false|false&#8221; custom_padding_tablet=&#8221;65px||50px||false|false&#8221; custom_padding_phone=&#8221;45px||50px||false|false&#8221; global_colors_info=&#8221;{}&#8221;][et_pb_row column_structure=&#8221;1_2,1_2&#8243; use_custom_gutter=&#8221;on&#8221; gutter_width=&#8221;2&#8243; make_equal=&#8221;on&#8221; _builder_version=&#8221;4.18.1&#8243; _module_preset=&#8221;default&#8221; width=&#8221;100%&#8221; max_width=&#8221;2560px&#8221; max_width_last_edited=&#8221;off|desktop&#8221; custom_padding=&#8221;0px||0px||true|false&#8221; global_colors_info=&#8221;{}&#8221;][et_pb_column type=&#8221;1_2&#8243; _builder_version=&#8221;4.18.1&#8243; _module_preset=&#8221;default&#8221; custom_padding=&#8221;4%||||false|false&#8221; custom_css_main_element=&#8221;display:flex;&#8221; global_colors_info=&#8221;{}&#8221;][et_pb_image src=&#8221;https:\/\/canusacorp.com\/wp-content\/uploads\/2022\/11\/history-img.jpg&#8221; title_text=&#8221;history-img&#8221; _builder_version=&#8221;4.18.1&#8243; _module_preset=&#8221;default&#8221; animation_style=&#8221;slide&#8221; global_colors_info=&#8221;{}&#8221;][\/et_pb_image][\/et_pb_column][et_pb_column type=&#8221;1_2&#8243; _builder_version=&#8221;4.18.1&#8243; _module_preset=&#8221;default&#8221; custom_padding=&#8221;|10%|||false|false&#8221; custom_padding_tablet=&#8221;|0%|||false|false&#8221; custom_padding_phone=&#8221;|0%|||false|false&#8221; custom_padding_last_edited=&#8221;on|phone&#8221; custom_css_main_element=&#8221;display:flex;&#8221; global_colors_info=&#8221;{}&#8221;][et_pb_text module_class=&#8221;p-s&#8221; _builder_version=&#8221;4.18.1&#8243; _module_preset=&#8221;default&#8221; text_font=&#8221;||||||||&#8221; text_text_color=&#8221;#666666&#8243; text_font_size=&#8221;24px&#8221; text_line_height=&#8221;2em&#8221; custom_margin=&#8221;||||false|false&#8221; custom_padding_tablet=&#8221;|20px||20px|false|true&#8221; custom_padding_phone=&#8221;|15px||15px|false|true&#8221; custom_padding_last_edited=&#8221;on|phone&#8221; text_font_size_tablet=&#8221;24px&#8221; text_font_size_phone=&#8221;18px&#8221; text_font_size_last_edited=&#8221;on|phone&#8221; text_line_height_tablet=&#8221;2em&#8221; text_line_height_phone=&#8221;1.7em&#8221; text_line_height_last_edited=&#8221;on|phone&#8221; global_colors_info=&#8221;{}&#8221;]<\/p>\n<p>Die Wurzeln von Canusa reichen bis ins Jahr 1974 zur\u00fcck, als Gr\u00fcnder und Pr\u00e4sident Bruce W. Fleming w\u00e4hrend seines Studiums an der Princeton University seine Karriere in der Papier- und Recyclingindustrie begann. <span>Fleming hat das Recyclingprogramm der Universit\u00e4t wiederbelebt und seine Abschlussarbeit \u00fcber die Wirtschaftlichkeit der Papierherstellung aus recycelten Fasern abgeschlossen.<\/span> Nach drei Jahren bei Garden State Paper Company, der weltweit ersten 100%-Recycling-Zeitungsdruckpapierfabrik, gr\u00fcndete Fleming 1981 das Unternehmen, das sp\u00e4ter zu Canusa wurde, als inl\u00e4ndischer H\u00e4ndler f\u00fcr Altpapier.<\/p>\n<p>1985 gr\u00fcndete Fleming gemeinsam mit dem in Kanada ans\u00e4ssigen Unternehmen Cascades Cascades USA. <span>Das Unternehmen konzentrierte sich teilweise auf die Beschaffung von Recyclingfasern f\u00fcr die Cascades-Fabriken. Das Wachstum des Unternehmens in den n\u00e4chsten Jahren f\u00fchrte zu dem gemeinsamen Wunsch, die Unabh\u00e4ngigkeit des Unternehmens zu etablieren, und zu einer anschlie\u00dfenden Vereinbarung \u00fcber ein Management-Buyout der Cascades-Beteiligung.<\/span>\u00a0Es war dann, dass <strong>Canusa Corporation<\/strong> wurde offiziell geboren.<\/p>\n<p>[\/et_pb_text][\/et_pb_column][\/et_pb_row][\/et_pb_section][et_pb_section fb_built=&#8221;1&#8243; custom_padding_last_edited=&#8221;on|phone&#8221; _builder_version=&#8221;4.18.1&#8243; _module_preset=&#8221;default&#8221; custom_padding=&#8221;25px||50px||false|false&#8221; custom_padding_tablet=&#8221;|20px||20px|false|true&#8221; custom_padding_phone=&#8221;0px|15px|50px|15px|false|true&#8221; global_colors_info=&#8221;{}&#8221;][et_pb_row use_custom_gutter=&#8221;on&#8221; gutter_width=&#8221;2&#8243; make_equal=&#8221;on&#8221; _builder_version=&#8221;4.18.1&#8243; _module_preset=&#8221;default&#8221; width=&#8221;90%&#8221; max_width=&#8221;1440px&#8221; max_width_last_edited=&#8221;off|desktop&#8221; custom_padding=&#8221;0px||0px||true|false&#8221; global_colors_info=&#8221;{}&#8221;][et_pb_column type=&#8221;4_4&#8243; _builder_version=&#8221;4.18.1&#8243; _module_preset=&#8221;default&#8221; custom_padding=&#8221;||||false|false&#8221; custom_css_main_element=&#8221;display:flex;&#8221; global_colors_info=&#8221;{}&#8221;][et_pb_text module_class=&#8221;p-s&#8221; _builder_version=&#8221;4.18.1&#8243; _module_preset=&#8221;default&#8221; text_font=&#8221;||||||||&#8221; text_text_color=&#8221;#666666&#8243; text_font_size=&#8221;24px&#8221; text_line_height=&#8221;2em&#8221; custom_margin=&#8221;||||false|false&#8221; text_font_size_tablet=&#8221;24px&#8221; text_font_size_phone=&#8221;18px&#8221; text_font_size_last_edited=&#8221;on|phone&#8221; text_line_height_tablet=&#8221;2em&#8221; text_line_height_phone=&#8221;1.7em&#8221; text_line_height_last_edited=&#8221;on|phone&#8221; global_colors_info=&#8221;{}&#8221;]<\/p>\n<p>Im Jahr 1989 expandierte Canusa und begann mit dem Handel mit Karton und anderen Industriepapieren f\u00fcr die Verpackungsindustrie. <span>Canusa entwickelte bald einen Nischenmarkt f\u00fcr Containerkartons f\u00fcr die s\u00fcdamerikanische Bananen- und Obstindustrie. Dies l\u00f6ste die internationale Ausrichtung von Canusa und die Gr\u00fcndung von Canusa Paper &amp; Packaging aus.<\/span> Heute ist Canusa Paper &amp; Packaging einer der weltweit f\u00fchrenden unabh\u00e4ngigen Anbieter von Produkten und Lieferkettenl\u00f6sungen f\u00fcr Hersteller und Verbraucher von Kartonagen und anderen Verpackungspapieren.<\/p>\n<p>Im Jahr 2002 fusionierte Canusa seine Recyclingaktivit\u00e4ten mit seinem gr\u00f6\u00dften Konkurrenten, Hershman Recycling, und gr\u00fcndete Canusa Hershman Recycling. Anschlie\u00dfend war \u201eCHRC\u201c Mitbegr\u00fcnder von Newport CH International, um sich auf den Verkauf auf dem wachsenden asiatischen Markt zu konzentrieren. Zusammen handeln CHRC und Newport mittlerweile mit mehr als zwei Millionen Tonnen wiedergewonnenen Materialien pro Jahr und 120.000 Tonnen Kunststoffharzen pro Jahr.<\/p>\n<p>Canusa und seine Tochtergesellschaften entwickeln sich weiter und expandieren durch die Bereitstellung hochwertiger, nachhaltiger Produkte, erstklassiger Marktkenntnisse und Service sowie kreativer und effektiver Finanzierungs- und Logistikl\u00f6sungen.<\/p>\n<p>[\/et_pb_text][\/et_pb_column][\/et_pb_row][\/et_pb_section][et_pb_section fb_built=&#8221;1&#8243; custom_padding_last_edited=&#8221;on|phone&#8221; _builder_version=&#8221;4.18.1&#8243; _module_preset=&#8221;default&#8221; custom_padding=&#8221;35px||50px||false|false&#8221; custom_padding_tablet=&#8221;|20px||20px|false|true&#8221; custom_padding_phone=&#8221;0px|15px|50px|15px|false|true&#8221; global_colors_info=&#8221;{}&#8221;][et_pb_row column_structure=&#8221;1_3,1_3,1_3&#8243; use_custom_gutter=&#8221;on&#8221; gutter_width=&#8221;2&#8243; make_equal=&#8221;on&#8221; _builder_version=&#8221;4.18.1&#8243; _module_preset=&#8221;default&#8221; width=&#8221;90%&#8221; max_width=&#8221;1220px&#8221; max_width_last_edited=&#8221;off|desktop&#8221; custom_padding=&#8221;0px||0px||true|false&#8221; global_colors_info=&#8221;{}&#8221;][et_pb_column type=&#8221;1_3&#8243; _builder_version=&#8221;4.18.1&#8243; _module_preset=&#8221;default&#8221; custom_padding=&#8221;||||false|false&#8221; custom_css_main_element=&#8221;display:flex;&#8221; global_colors_info=&#8221;{}&#8221;][et_pb_image src=&#8221;https:\/\/canusacorp.com\/wp-content\/uploads\/2022\/12\/Bruce1974-scaled.jpg&#8221; title_text=&#8221;Bruce1974&#8243; _builder_version=&#8221;4.18.1&#8243; _module_preset=&#8221;default&#8221; global_colors_info=&#8221;{}&#8221;][\/et_pb_image][\/et_pb_column][et_pb_column type=&#8221;1_3&#8243; _builder_version=&#8221;4.18.1&#8243; _module_preset=&#8221;default&#8221; custom_padding=&#8221;||0px||false|false&#8221; custom_css_main_element=&#8221;display:flex;&#8221; global_colors_info=&#8221;{}&#8221;][et_pb_image src=&#8221;https:\/\/canusacorp.com\/wp-content\/uploads\/2022\/11\/1980.jpg&#8221; title_text=&#8221;1980&#8243; force_fullwidth=&#8221;on&#8221; _builder_version=&#8221;4.18.1&#8243; _module_preset=&#8221;default&#8221; animation_style=&#8221;slide&#8221; box_shadow_style=&#8221;preset2&#8243; box_shadow_horizontal=&#8221;4px&#8221; box_shadow_vertical=&#8221;4px&#8221; box_shadow_blur=&#8221;16px&#8221; box_shadow_color=&#8221;rgba(0,0,0,0.22)&#8221; global_colors_info=&#8221;{}&#8221;][\/et_pb_image][\/et_pb_column][et_pb_column type=&#8221;1_3&#8243; _builder_version=&#8221;4.18.1&#8243; _module_preset=&#8221;default&#8221; custom_padding=&#8221;||0px||false|false&#8221; custom_css_main_element=&#8221;display:flex;&#8221; global_colors_info=&#8221;{}&#8221;][et_pb_image src=&#8221;https:\/\/canusacorp.com\/wp-content\/uploads\/2022\/11\/add-img.jpg&#8221; title_text=&#8221;add-img&#8221; _builder_version=&#8221;4.18.1&#8243; _module_preset=&#8221;default&#8221; width=&#8221;86%&#8221; width_tablet=&#8221;100%&#8221; width_phone=&#8221;100%&#8221; width_last_edited=&#8221;on|phone&#8221; custom_margin=&#8221;|||5px|false|false&#8221; animation_style=&#8221;slide&#8221; box_shadow_style=&#8221;preset2&#8243; box_shadow_color=&#8221;rgba(0,0,0,0.19)&#8221; global_colors_info=&#8221;{}&#8221;][\/et_pb_image][\/et_pb_column][\/et_pb_row][\/et_pb_section]<\/p>","protected":false},"excerpt":{"rendered":"<p>History\u201cLorem ipsum dolor sit amet, consetetur sadipscing elitr\u201dCanusa traces its roots back to 1974 when Founder and President, Bruce W. Fleming, began his career in the paper and recycling industries while studying at Princeton University. Fleming resurrected the University&#8217;s recycling program and completed his senior thesis on the economics of producing paper from recycled fiber. [&hellip;]<\/p>","protected":false},"author":1,"featured_media":0,"parent":0,"menu_order":0,"comment_status":"closed","ping_status":"closed","template":"","meta":{"_et_pb_use_builder":"on","_et_pb_old_content":"","_et_gb_content_width":"","om_disable_all_campaigns":false,"inline_featured_image":false,"_monsterinsights_skip_tracking":false,"_monsterinsights_sitenote_active":false,"_monsterinsights_sitenote_note":"","_monsterinsights_sitenote_category":0,"footnotes":""},"class_list":["post-124","page","type-page","status-publish","hentry"],"yoast_head":"<!-- This site is optimized with the Yoast SEO plugin v26.6 - https:\/\/yoast.com\/wordpress\/plugins\/seo\/ -->\n<title>Who We Are | Canusa Paper &amp; Packaging<\/title>\n<meta name=\"description\" content=\"For over 35 years, Canusa has been delivering quality, sustainable products and creative and effective financing and logistics solutions.\" \/>\n<meta name=\"robots\" content=\"index, follow, max-snippet:-1, max-image-preview:large, max-video-preview:-1\" \/>\n<link rel=\"canonical\" href=\"https:\/\/canusacorp.com\/de\/who-we-are\/\" \/>\n<meta property=\"og:locale\" content=\"de_DE\" \/>\n<meta property=\"og:type\" content=\"article\" \/>\n<meta property=\"og:title\" content=\"Who We Are | Canusa Paper &amp; Packaging\" \/>\n<meta property=\"og:description\" content=\"For over 35 years, Canusa has been delivering quality, sustainable products and creative and effective financing and logistics solutions.\" \/>\n<meta property=\"og:url\" content=\"https:\/\/canusacorp.com\/de\/who-we-are\/\" \/>\n<meta property=\"og:site_name\" content=\"Canusa Paper and Packaging\" \/>\n<meta property=\"article:modified_time\" content=\"2022-12-30T16:44:57+00:00\" \/>\n<meta name=\"twitter:card\" content=\"summary_large_image\" \/>\n<meta name=\"twitter:label1\" content=\"Gesch\u00e4tzte Lesezeit\" \/>\n\t<meta name=\"twitter:data1\" content=\"3 Minuten\" \/>\n<script type=\"application\/ld+json\" class=\"yoast-schema-graph\">{\"@context\":\"https:\/\/schema.org\",\"@graph\":[{\"@type\":\"WebPage\",\"@id\":\"https:\/\/canusacorp.com\/who-we-are\/\",\"url\":\"https:\/\/canusacorp.com\/who-we-are\/\",\"name\":\"Who We Are | Canusa Paper & Packaging\",\"isPartOf\":{\"@id\":\"https:\/\/canusacorp.com\/#website\"},\"datePublished\":\"2022-11-04T13:20:36+00:00\",\"dateModified\":\"2022-12-30T16:44:57+00:00\",\"description\":\"For over 35 years, Canusa has been delivering quality, sustainable products and creative and effective financing and logistics solutions.\",\"breadcrumb\":{\"@id\":\"https:\/\/canusacorp.com\/who-we-are\/#breadcrumb\"},\"inLanguage\":\"de-DE\",\"potentialAction\":[{\"@type\":\"ReadAction\",\"target\":[\"https:\/\/canusacorp.com\/who-we-are\/\"]}]},{\"@type\":\"BreadcrumbList\",\"@id\":\"https:\/\/canusacorp.com\/who-we-are\/#breadcrumb\",\"itemListElement\":[{\"@type\":\"ListItem\",\"position\":1,\"name\":\"Home\",\"item\":\"https:\/\/canusacorp.com\/\"},{\"@type\":\"ListItem\",\"position\":2,\"name\":\"Who we are\"}]},{\"@type\":\"WebSite\",\"@id\":\"https:\/\/canusacorp.com\/#website\",\"url\":\"https:\/\/canusacorp.com\/\",\"name\":\"Canusa Paper and Packaging\",\"description\":\"Paper, Packaging &amp; Recyclable Commodities\",\"publisher\":{\"@id\":\"https:\/\/canusacorp.com\/#organization\"},\"potentialAction\":[{\"@type\":\"SearchAction\",\"target\":{\"@type\":\"EntryPoint\",\"urlTemplate\":\"https:\/\/canusacorp.com\/?s={search_term_string}\"},\"query-input\":{\"@type\":\"PropertyValueSpecification\",\"valueRequired\":true,\"valueName\":\"search_term_string\"}}],\"inLanguage\":\"de-DE\"},{\"@type\":\"Organization\",\"@id\":\"https:\/\/canusacorp.com\/#organization\",\"name\":\"Canusa Corporation\",\"url\":\"https:\/\/canusacorp.com\/\",\"logo\":{\"@type\":\"ImageObject\",\"inLanguage\":\"de-DE\",\"@id\":\"https:\/\/canusacorp.com\/#\/schema\/logo\/image\/\",\"url\":\"https:\/\/canusacorp.com\/wp-content\/uploads\/2022\/11\/Canusa.jpg\",\"contentUrl\":\"https:\/\/canusacorp.com\/wp-content\/uploads\/2022\/11\/Canusa.jpg\",\"width\":1500,\"height\":646,\"caption\":\"Canusa Corporation\"},\"image\":{\"@id\":\"https:\/\/canusacorp.com\/#\/schema\/logo\/image\/\"}}]}<\/script>\n<!-- \/ Yoast SEO plugin. -->","yoast_head_json":{"title":"Who We Are | Canusa Paper & Packaging","description":"For over 35 years, Canusa has been delivering quality, sustainable products and creative and effective financing and logistics solutions.","robots":{"index":"index","follow":"follow","max-snippet":"max-snippet:-1","max-image-preview":"max-image-preview:large","max-video-preview":"max-video-preview:-1"},"canonical":"https:\/\/canusacorp.com\/de\/who-we-are\/","og_locale":"de_DE","og_type":"article","og_title":"Who We Are | Canusa Paper & Packaging","og_description":"For over 35 years, Canusa has been delivering quality, sustainable products and creative and effective financing and logistics solutions.","og_url":"https:\/\/canusacorp.com\/de\/who-we-are\/","og_site_name":"Canusa Paper and Packaging","article_modified_time":"2022-12-30T16:44:57+00:00","twitter_card":"summary_large_image","twitter_misc":{"Gesch\u00e4tzte Lesezeit":"3 Minuten"},"schema":{"@context":"https:\/\/schema.org","@graph":[{"@type":"WebPage","@id":"https:\/\/canusacorp.com\/who-we-are\/","url":"https:\/\/canusacorp.com\/who-we-are\/","name":"Who We Are | Canusa Paper & Packaging","isPartOf":{"@id":"https:\/\/canusacorp.com\/#website"},"datePublished":"2022-11-04T13:20:36+00:00","dateModified":"2022-12-30T16:44:57+00:00","description":"For over 35 years, Canusa has been delivering quality, sustainable products and creative and effective financing and logistics solutions.","breadcrumb":{"@id":"https:\/\/canusacorp.com\/who-we-are\/#breadcrumb"},"inLanguage":"de-DE","potentialAction":[{"@type":"ReadAction","target":["https:\/\/canusacorp.com\/who-we-are\/"]}]},{"@type":"BreadcrumbList","@id":"https:\/\/canusacorp.com\/who-we-are\/#breadcrumb","itemListElement":[{"@type":"ListItem","position":1,"name":"Home","item":"https:\/\/canusacorp.com\/"},{"@type":"ListItem","position":2,"name":"Who we are"}]},{"@type":"WebSite","@id":"https:\/\/canusacorp.com\/#website","url":"https:\/\/canusacorp.com\/","name":"Canusa Paper and Packaging","description":"Paper, Packaging &amp; Recyclable Commodities","publisher":{"@id":"https:\/\/canusacorp.com\/#organization"},"potentialAction":[{"@type":"SearchAction","target":{"@type":"EntryPoint","urlTemplate":"https:\/\/canusacorp.com\/?s={search_term_string}"},"query-input":{"@type":"PropertyValueSpecification","valueRequired":true,"valueName":"search_term_string"}}],"inLanguage":"de-DE"},{"@type":"Organization","@id":"https:\/\/canusacorp.com\/#organization","name":"Canusa Corporation","url":"https:\/\/canusacorp.com\/","logo":{"@type":"ImageObject","inLanguage":"de-DE","@id":"https:\/\/canusacorp.com\/#\/schema\/logo\/image\/","url":"https:\/\/canusacorp.com\/wp-content\/uploads\/2022\/11\/Canusa.jpg","contentUrl":"https:\/\/canusacorp.com\/wp-content\/uploads\/2022\/11\/Canusa.jpg","width":1500,"height":646,"caption":"Canusa Corporation"},"image":{"@id":"https:\/\/canusacorp.com\/#\/schema\/logo\/image\/"}}]}},"featured_image_src":null,"featured_image_src_square":null,"_links":{"self":[{"href":"https:\/\/canusacorp.com\/de\/wp-json\/wp\/v2\/pages\/124","targetHints":{"allow":["GET"]}}],"collection":[{"href":"https:\/\/canusacorp.com\/de\/wp-json\/wp\/v2\/pages"}],"about":[{"href":"https:\/\/canusacorp.com\/de\/wp-json\/wp\/v2\/types\/page"}],"author":[{"embeddable":true,"href":"https:\/\/canusacorp.com\/de\/wp-json\/wp\/v2\/users\/1"}],"replies":[{"embeddable":true,"href":"https:\/\/canusacorp.com\/de\/wp-json\/wp\/v2\/comments?post=124"}],"version-history":[{"count":0,"href":"https:\/\/canusacorp.com\/de\/wp-json\/wp\/v2\/pages\/124\/revisions"}],"wp:attachment":[{"href":"https:\/\/canusacorp.com\/de\/wp-json\/wp\/v2\/media?parent=124"}],"curies":[{"name":"wp","href":"https:\/\/api.w.org\/{rel}","templated":true}]}}