{"id":124,"date":"2022-11-04T13:20:36","date_gmt":"2022-11-04T13:20:36","guid":{"rendered":"https:\/\/canusacorp.com\/?page_id=124"},"modified":"2022-12-30T16:44:57","modified_gmt":"2022-12-30T16:44:57","slug":"who-we-are","status":"publish","type":"page","link":"https:\/\/canusacorp.com\/es\/who-we-are\/","title":{"rendered":"Quienes somos"},"content":{"rendered":"<p>[et_pb_section fb_built=&#8221;1&#8243; custom_padding_last_edited=&#8221;on|phone&#8221; _builder_version=&#8221;4.18.1&#8243; _module_preset=&#8221;default&#8221; background_color=&#8221;rgba(0,0,0,0.27)&#8221; background_image=&#8221;https:\/\/canusacorp.com\/wp-content\/uploads\/2022\/12\/History.jpg&#8221; background_position=&#8221;top_center&#8221; background_blend=&#8221;overlay&#8221; background_enable_video_mp4=&#8221;off&#8221; background_video_width=&#8221;100%&#8221; custom_padding=&#8221;335px||235px||false|false&#8221; custom_padding_tablet=&#8221;200px||||false|false&#8221; custom_padding_phone=&#8221;100px||125px||false|false&#8221; global_colors_info=&#8221;{}&#8221;][et_pb_row _builder_version=&#8221;4.18.1&#8243; _module_preset=&#8221;default&#8221; width=&#8221;90%&#8221; max_width=&#8221;1440px&#8221; global_colors_info=&#8221;{}&#8221;][et_pb_column type=&#8221;4_4&#8243; _builder_version=&#8221;4.18.1&#8243; _module_preset=&#8221;default&#8221; global_colors_info=&#8221;{}&#8221;][et_pb_text _builder_version=&#8221;4.18.1&#8243; _module_preset=&#8221;default&#8221; header_font=&#8221;Oswald|700|||||||&#8221; header_text_color=&#8221;#FFFFFF&#8221; header_font_size=&#8221;57px&#8221; animation_style=&#8221;slide&#8221; animation_direction=&#8221;top&#8221; header_font_size_tablet=&#8221;57px&#8221; header_font_size_phone=&#8221;40px&#8221; header_font_size_last_edited=&#8221;on|phone&#8221; global_colors_info=&#8221;{}&#8221;]<\/p>\n<h1>Historia<\/h1>\n<p>[\/et_pb_text][\/et_pb_column][\/et_pb_row][\/et_pb_section][et_pb_section fb_built=&#8221;1&#8243; disabled_on=&#8221;on|on|on&#8221; _builder_version=&#8221;4.18.1&#8243; _module_preset=&#8221;default&#8221; background_color=&#8221;RGBA(255,255,255,0)&#8221; custom_margin=&#8221;-175px||||false|false&#8221; custom_margin_tablet=&#8221;-175px||||false|false&#8221; custom_margin_phone=&#8221;-100px||||false|false&#8221; custom_margin_last_edited=&#8221;on|phone&#8221; custom_padding=&#8221;0px||0px||true|false&#8221; disabled=&#8221;on&#8221; global_colors_info=&#8221;{}&#8221;][et_pb_row custom_padding_last_edited=&#8221;on|phone&#8221; _builder_version=&#8221;4.18.1&#8243; _module_preset=&#8221;default&#8221; background_color=&#8221;#009247&#8243; width=&#8221;90%&#8221; max_width=&#8221;967px&#8221; custom_padding=&#8221;40px|150px|60px|150px|false|true&#8221; custom_padding_tablet=&#8221;|0px||0px|false|true&#8221; custom_padding_phone=&#8221;40px|15px|40px|15px|false|true&#8221; global_colors_info=&#8221;{}&#8221;][et_pb_column type=&#8221;4_4&#8243; _builder_version=&#8221;4.18.1&#8243; _module_preset=&#8221;default&#8221; global_colors_info=&#8221;{}&#8221;][et_pb_text _builder_version=&#8221;4.18.1&#8243; _module_preset=&#8221;default&#8221; text_font=&#8221;Oswald|300|||||||&#8221; text_text_color=&#8221;#FFFFFF&#8221; text_font_size=&#8221;52px&#8221; text_line_height=&#8221;1.3em&#8221; text_orientation=&#8221;center&#8221; width_tablet=&#8221;100%&#8221; width_phone=&#8221;100%&#8221; width_last_edited=&#8221;on|tablet&#8221; custom_padding=&#8221;|51px|25px|51px|false|true&#8221; custom_padding_tablet=&#8221;|51px|25px|51px|false|true&#8221; custom_padding_phone=&#8221;|0px|25px|0px|false|true&#8221; custom_padding_last_edited=&#8221;on|phone&#8221; animation_style=&#8221;slide&#8221; animation_direction=&#8221;bottom&#8221; text_font_size_tablet=&#8221;52px&#8221; text_font_size_phone=&#8221;28px&#8221; text_font_size_last_edited=&#8221;on|phone&#8221; border_width_bottom=&#8221;2px&#8221; border_color_bottom=&#8221;rgba(255,255,255,0.34)&#8221; global_colors_info=&#8221;{}&#8221;]<\/p>\n<p>\u201cLorem ipsum dolor sit amet, consetetur sadipscing elitr\u201d<\/p>\n<p>[\/et_pb_text][\/et_pb_column][\/et_pb_row][\/et_pb_section][et_pb_section fb_built=&#8221;1&#8243; custom_padding_last_edited=&#8221;on|phone&#8221; _builder_version=&#8221;4.18.1&#8243; _module_preset=&#8221;default&#8221; custom_padding=&#8221;65px||50px||false|false&#8221; custom_padding_tablet=&#8221;65px||50px||false|false&#8221; custom_padding_phone=&#8221;45px||50px||false|false&#8221; global_colors_info=&#8221;{}&#8221;][et_pb_row column_structure=&#8221;1_2,1_2&#8243; use_custom_gutter=&#8221;on&#8221; gutter_width=&#8221;2&#8243; make_equal=&#8221;on&#8221; _builder_version=&#8221;4.18.1&#8243; _module_preset=&#8221;default&#8221; width=&#8221;100%&#8221; max_width=&#8221;2560px&#8221; max_width_last_edited=&#8221;off|desktop&#8221; custom_padding=&#8221;0px||0px||true|false&#8221; global_colors_info=&#8221;{}&#8221;][et_pb_column type=&#8221;1_2&#8243; _builder_version=&#8221;4.18.1&#8243; _module_preset=&#8221;default&#8221; custom_padding=&#8221;4%||||false|false&#8221; custom_css_main_element=&#8221;display:flex;&#8221; global_colors_info=&#8221;{}&#8221;][et_pb_image src=&#8221;https:\/\/canusacorp.com\/wp-content\/uploads\/2022\/11\/history-img.jpg&#8221; title_text=&#8221;history-img&#8221; _builder_version=&#8221;4.18.1&#8243; _module_preset=&#8221;default&#8221; animation_style=&#8221;slide&#8221; global_colors_info=&#8221;{}&#8221;][\/et_pb_image][\/et_pb_column][et_pb_column type=&#8221;1_2&#8243; _builder_version=&#8221;4.18.1&#8243; _module_preset=&#8221;default&#8221; custom_padding=&#8221;|10%|||false|false&#8221; custom_padding_tablet=&#8221;|0%|||false|false&#8221; custom_padding_phone=&#8221;|0%|||false|false&#8221; custom_padding_last_edited=&#8221;on|phone&#8221; custom_css_main_element=&#8221;display:flex;&#8221; global_colors_info=&#8221;{}&#8221;][et_pb_text module_class=&#8221;p-s&#8221; _builder_version=&#8221;4.18.1&#8243; _module_preset=&#8221;default&#8221; text_font=&#8221;||||||||&#8221; text_text_color=&#8221;#666666&#8243; text_font_size=&#8221;24px&#8221; text_line_height=&#8221;2em&#8221; custom_margin=&#8221;||||false|false&#8221; custom_padding_tablet=&#8221;|20px||20px|false|true&#8221; custom_padding_phone=&#8221;|15px||15px|false|true&#8221; custom_padding_last_edited=&#8221;on|phone&#8221; text_font_size_tablet=&#8221;24px&#8221; text_font_size_phone=&#8221;18px&#8221; text_font_size_last_edited=&#8221;on|phone&#8221; text_line_height_tablet=&#8221;2em&#8221; text_line_height_phone=&#8221;1.7em&#8221; text_line_height_last_edited=&#8221;on|phone&#8221; global_colors_info=&#8221;{}&#8221;]<\/p>\n<p>Canusa tiene sus ra\u00edces en 1974, cuando el fundador y presidente, Bruce W. Fleming, comenz\u00f3 su carrera en las industrias del papel y el reciclaje mientras estudiaba en la Universidad de Princeton. <span>Fleming resucit\u00f3 el programa de reciclaje de la Universidad y complet\u00f3 su tesis de \u00faltimo a\u00f1o sobre la econom\u00eda de la producci\u00f3n de papel a partir de fibra reciclada.<\/span> Despu\u00e9s de tres a\u00f1os en Garden State Paper Company, la primera f\u00e1brica de papel peri\u00f3dico reciclado 100% del mundo, Fleming fund\u00f3 lo que eventualmente se convirti\u00f3 en Canusa en 1981 como un comerciante nacional de fibra recuperada.<\/p>\n<p>En 1985, Fleming se asoci\u00f3 con la empresa canadiense Cascades para formar Cascades USA. <span>Centrada parcialmente en la adquisici\u00f3n de fibra reciclada para las f\u00e1bricas de Cascades, el crecimiento de la compa\u00f1\u00eda durante los siguientes a\u00f1os gener\u00f3 un deseo mutuo de establecer la independencia de la compa\u00f1\u00eda y un acuerdo posterior para la compra por parte de la gerencia de la participaci\u00f3n accionaria de Cascades.<\/span>\u00a0Fue entonces cuando <strong>Corporaci\u00f3n Canusa<\/strong> Naci\u00f3 oficialmente.<\/p>\n<p>[\/et_pb_text][\/et_pb_column][\/et_pb_row][\/et_pb_section][et_pb_section fb_built=&#8221;1&#8243; custom_padding_last_edited=&#8221;on|phone&#8221; _builder_version=&#8221;4.18.1&#8243; _module_preset=&#8221;default&#8221; custom_padding=&#8221;25px||50px||false|false&#8221; custom_padding_tablet=&#8221;|20px||20px|false|true&#8221; custom_padding_phone=&#8221;0px|15px|50px|15px|false|true&#8221; global_colors_info=&#8221;{}&#8221;][et_pb_row use_custom_gutter=&#8221;on&#8221; gutter_width=&#8221;2&#8243; make_equal=&#8221;on&#8221; _builder_version=&#8221;4.18.1&#8243; _module_preset=&#8221;default&#8221; width=&#8221;90%&#8221; max_width=&#8221;1440px&#8221; max_width_last_edited=&#8221;off|desktop&#8221; custom_padding=&#8221;0px||0px||true|false&#8221; global_colors_info=&#8221;{}&#8221;][et_pb_column type=&#8221;4_4&#8243; _builder_version=&#8221;4.18.1&#8243; _module_preset=&#8221;default&#8221; custom_padding=&#8221;||||false|false&#8221; custom_css_main_element=&#8221;display:flex;&#8221; global_colors_info=&#8221;{}&#8221;][et_pb_text module_class=&#8221;p-s&#8221; _builder_version=&#8221;4.18.1&#8243; _module_preset=&#8221;default&#8221; text_font=&#8221;||||||||&#8221; text_text_color=&#8221;#666666&#8243; text_font_size=&#8221;24px&#8221; text_line_height=&#8221;2em&#8221; custom_margin=&#8221;||||false|false&#8221; text_font_size_tablet=&#8221;24px&#8221; text_font_size_phone=&#8221;18px&#8221; text_font_size_last_edited=&#8221;on|phone&#8221; text_line_height_tablet=&#8221;2em&#8221; text_line_height_phone=&#8221;1.7em&#8221; text_line_height_last_edited=&#8221;on|phone&#8221; global_colors_info=&#8221;{}&#8221;]<\/p>\n<p>En 1989, Canusa se expandi\u00f3 para comenzar a comercializar cart\u00f3n para envases y otros papeles industriales para la industria del embalaje. <span>Canusa pronto desarroll\u00f3 un nicho de venta de cart\u00f3n para envases para la industria bananera y frut\u00edcola de Sudam\u00e9rica. Esto desencaden\u00f3 el enfoque internacional de Canusa y la aparici\u00f3n de Canusa Paper &amp; Packaging.<\/span> Hoy en d\u00eda, Canusa Paper &amp; Packaging es uno de los principales proveedores independientes de productos y soluciones de cadena de suministro del mundo para productores y consumidores de cart\u00f3n para envases y otros papeles de embalaje.<\/p>\n<p>En 2002, Canusa fusion\u00f3 sus operaciones de reciclaje con su competidor m\u00e1s importante, Hershman Recycling, para formar Canusa Hershman Recycling. Posteriormente, \u201cCHRC\u201d cofund\u00f3 Newport CH International para centrarse en vender en el creciente mercado asi\u00e1tico. Juntos, CHRC y Newport ahora comercializan m\u00e1s de dos millones de toneladas por a\u00f1o de materiales recuperados y 120.000 toneladas por a\u00f1o de resinas pl\u00e1sticas.<\/p>\n<p>Canusa y sus filiales contin\u00faan evolucionando y expandi\u00e9ndose ofreciendo productos sustentables y de calidad, conocimiento y servicio superiores del mercado, y soluciones financieras y log\u00edsticas creativas y efectivas.<\/p>\n<p>[\/et_pb_text][\/et_pb_column][\/et_pb_row][\/et_pb_section][et_pb_section fb_built=&#8221;1&#8243; custom_padding_last_edited=&#8221;on|phone&#8221; _builder_version=&#8221;4.18.1&#8243; _module_preset=&#8221;default&#8221; custom_padding=&#8221;35px||50px||false|false&#8221; custom_padding_tablet=&#8221;|20px||20px|false|true&#8221; custom_padding_phone=&#8221;0px|15px|50px|15px|false|true&#8221; global_colors_info=&#8221;{}&#8221;][et_pb_row column_structure=&#8221;1_3,1_3,1_3&#8243; use_custom_gutter=&#8221;on&#8221; gutter_width=&#8221;2&#8243; make_equal=&#8221;on&#8221; _builder_version=&#8221;4.18.1&#8243; _module_preset=&#8221;default&#8221; width=&#8221;90%&#8221; max_width=&#8221;1220px&#8221; max_width_last_edited=&#8221;off|desktop&#8221; custom_padding=&#8221;0px||0px||true|false&#8221; global_colors_info=&#8221;{}&#8221;][et_pb_column type=&#8221;1_3&#8243; _builder_version=&#8221;4.18.1&#8243; _module_preset=&#8221;default&#8221; custom_padding=&#8221;||||false|false&#8221; custom_css_main_element=&#8221;display:flex;&#8221; global_colors_info=&#8221;{}&#8221;][et_pb_image src=&#8221;https:\/\/canusacorp.com\/wp-content\/uploads\/2022\/12\/Bruce1974-scaled.jpg&#8221; title_text=&#8221;Bruce1974&#8243; _builder_version=&#8221;4.18.1&#8243; _module_preset=&#8221;default&#8221; global_colors_info=&#8221;{}&#8221;][\/et_pb_image][\/et_pb_column][et_pb_column type=&#8221;1_3&#8243; _builder_version=&#8221;4.18.1&#8243; _module_preset=&#8221;default&#8221; custom_padding=&#8221;||0px||false|false&#8221; custom_css_main_element=&#8221;display:flex;&#8221; global_colors_info=&#8221;{}&#8221;][et_pb_image src=&#8221;https:\/\/canusacorp.com\/wp-content\/uploads\/2022\/11\/1980.jpg&#8221; title_text=&#8221;1980&#8243; force_fullwidth=&#8221;on&#8221; _builder_version=&#8221;4.18.1&#8243; _module_preset=&#8221;default&#8221; animation_style=&#8221;slide&#8221; box_shadow_style=&#8221;preset2&#8243; box_shadow_horizontal=&#8221;4px&#8221; box_shadow_vertical=&#8221;4px&#8221; box_shadow_blur=&#8221;16px&#8221; box_shadow_color=&#8221;rgba(0,0,0,0.22)&#8221; global_colors_info=&#8221;{}&#8221;][\/et_pb_image][\/et_pb_column][et_pb_column type=&#8221;1_3&#8243; _builder_version=&#8221;4.18.1&#8243; _module_preset=&#8221;default&#8221; custom_padding=&#8221;||0px||false|false&#8221; custom_css_main_element=&#8221;display:flex;&#8221; global_colors_info=&#8221;{}&#8221;][et_pb_image src=&#8221;https:\/\/canusacorp.com\/wp-content\/uploads\/2022\/11\/add-img.jpg&#8221; title_text=&#8221;add-img&#8221; _builder_version=&#8221;4.18.1&#8243; _module_preset=&#8221;default&#8221; width=&#8221;86%&#8221; width_tablet=&#8221;100%&#8221; width_phone=&#8221;100%&#8221; width_last_edited=&#8221;on|phone&#8221; custom_margin=&#8221;|||5px|false|false&#8221; animation_style=&#8221;slide&#8221; box_shadow_style=&#8221;preset2&#8243; box_shadow_color=&#8221;rgba(0,0,0,0.19)&#8221; global_colors_info=&#8221;{}&#8221;][\/et_pb_image][\/et_pb_column][\/et_pb_row][\/et_pb_section]<\/p>","protected":false},"excerpt":{"rendered":"<p>History\u201cLorem ipsum dolor sit amet, consetetur sadipscing elitr\u201dCanusa traces its roots back to 1974 when Founder and President, Bruce W. Fleming, began his career in the paper and recycling industries while studying at Princeton University. Fleming resurrected the University&#8217;s recycling program and completed his senior thesis on the economics of producing paper from recycled fiber. [&hellip;]<\/p>","protected":false},"author":1,"featured_media":0,"parent":0,"menu_order":0,"comment_status":"closed","ping_status":"closed","template":"","meta":{"_et_pb_use_builder":"on","_et_pb_old_content":"","_et_gb_content_width":"","om_disable_all_campaigns":false,"inline_featured_image":false,"_monsterinsights_skip_tracking":false,"_monsterinsights_sitenote_active":false,"_monsterinsights_sitenote_note":"","_monsterinsights_sitenote_category":0,"footnotes":""},"class_list":["post-124","page","type-page","status-publish","hentry"],"yoast_head":"<!-- This site is optimized with the Yoast SEO plugin v26.6 - https:\/\/yoast.com\/wordpress\/plugins\/seo\/ -->\n<title>Who We Are | Canusa Paper &amp; Packaging<\/title>\n<meta name=\"description\" content=\"For over 35 years, Canusa has been delivering quality, sustainable products and creative and effective financing and logistics solutions.\" \/>\n<meta name=\"robots\" content=\"index, follow, max-snippet:-1, max-image-preview:large, max-video-preview:-1\" \/>\n<link rel=\"canonical\" href=\"https:\/\/canusacorp.com\/es\/who-we-are\/\" \/>\n<meta property=\"og:locale\" content=\"es_MX\" \/>\n<meta property=\"og:type\" content=\"article\" \/>\n<meta property=\"og:title\" content=\"Who We Are | Canusa Paper &amp; Packaging\" \/>\n<meta property=\"og:description\" content=\"For over 35 years, Canusa has been delivering quality, sustainable products and creative and effective financing and logistics solutions.\" \/>\n<meta property=\"og:url\" content=\"https:\/\/canusacorp.com\/es\/who-we-are\/\" \/>\n<meta property=\"og:site_name\" content=\"Canusa Paper and Packaging\" \/>\n<meta property=\"article:modified_time\" content=\"2022-12-30T16:44:57+00:00\" \/>\n<meta name=\"twitter:card\" content=\"summary_large_image\" \/>\n<meta name=\"twitter:label1\" content=\"Tiempo de lectura\" \/>\n\t<meta name=\"twitter:data1\" content=\"3 minutos\" \/>\n<script type=\"application\/ld+json\" class=\"yoast-schema-graph\">{\"@context\":\"https:\/\/schema.org\",\"@graph\":[{\"@type\":\"WebPage\",\"@id\":\"https:\/\/canusacorp.com\/who-we-are\/\",\"url\":\"https:\/\/canusacorp.com\/who-we-are\/\",\"name\":\"Who We Are | Canusa Paper & Packaging\",\"isPartOf\":{\"@id\":\"https:\/\/canusacorp.com\/#website\"},\"datePublished\":\"2022-11-04T13:20:36+00:00\",\"dateModified\":\"2022-12-30T16:44:57+00:00\",\"description\":\"For over 35 years, Canusa has been delivering quality, sustainable products and creative and effective financing and logistics solutions.\",\"breadcrumb\":{\"@id\":\"https:\/\/canusacorp.com\/who-we-are\/#breadcrumb\"},\"inLanguage\":\"es-MX\",\"potentialAction\":[{\"@type\":\"ReadAction\",\"target\":[\"https:\/\/canusacorp.com\/who-we-are\/\"]}]},{\"@type\":\"BreadcrumbList\",\"@id\":\"https:\/\/canusacorp.com\/who-we-are\/#breadcrumb\",\"itemListElement\":[{\"@type\":\"ListItem\",\"position\":1,\"name\":\"Home\",\"item\":\"https:\/\/canusacorp.com\/\"},{\"@type\":\"ListItem\",\"position\":2,\"name\":\"Who we are\"}]},{\"@type\":\"WebSite\",\"@id\":\"https:\/\/canusacorp.com\/#website\",\"url\":\"https:\/\/canusacorp.com\/\",\"name\":\"Canusa Paper and Packaging\",\"description\":\"Paper, Packaging &amp; Recyclable Commodities\",\"publisher\":{\"@id\":\"https:\/\/canusacorp.com\/#organization\"},\"potentialAction\":[{\"@type\":\"SearchAction\",\"target\":{\"@type\":\"EntryPoint\",\"urlTemplate\":\"https:\/\/canusacorp.com\/?s={search_term_string}\"},\"query-input\":{\"@type\":\"PropertyValueSpecification\",\"valueRequired\":true,\"valueName\":\"search_term_string\"}}],\"inLanguage\":\"es-MX\"},{\"@type\":\"Organization\",\"@id\":\"https:\/\/canusacorp.com\/#organization\",\"name\":\"Canusa Corporation\",\"url\":\"https:\/\/canusacorp.com\/\",\"logo\":{\"@type\":\"ImageObject\",\"inLanguage\":\"es-MX\",\"@id\":\"https:\/\/canusacorp.com\/#\/schema\/logo\/image\/\",\"url\":\"https:\/\/canusacorp.com\/wp-content\/uploads\/2022\/11\/Canusa.jpg\",\"contentUrl\":\"https:\/\/canusacorp.com\/wp-content\/uploads\/2022\/11\/Canusa.jpg\",\"width\":1500,\"height\":646,\"caption\":\"Canusa Corporation\"},\"image\":{\"@id\":\"https:\/\/canusacorp.com\/#\/schema\/logo\/image\/\"}}]}<\/script>\n<!-- \/ Yoast SEO plugin. -->","yoast_head_json":{"title":"Who We Are | Canusa Paper & Packaging","description":"For over 35 years, Canusa has been delivering quality, sustainable products and creative and effective financing and logistics solutions.","robots":{"index":"index","follow":"follow","max-snippet":"max-snippet:-1","max-image-preview":"max-image-preview:large","max-video-preview":"max-video-preview:-1"},"canonical":"https:\/\/canusacorp.com\/es\/who-we-are\/","og_locale":"es_MX","og_type":"article","og_title":"Who We Are | Canusa Paper & Packaging","og_description":"For over 35 years, Canusa has been delivering quality, sustainable products and creative and effective financing and logistics solutions.","og_url":"https:\/\/canusacorp.com\/es\/who-we-are\/","og_site_name":"Canusa Paper and Packaging","article_modified_time":"2022-12-30T16:44:57+00:00","twitter_card":"summary_large_image","twitter_misc":{"Tiempo de lectura":"3 minutos"},"schema":{"@context":"https:\/\/schema.org","@graph":[{"@type":"WebPage","@id":"https:\/\/canusacorp.com\/who-we-are\/","url":"https:\/\/canusacorp.com\/who-we-are\/","name":"Who We Are | Canusa Paper & Packaging","isPartOf":{"@id":"https:\/\/canusacorp.com\/#website"},"datePublished":"2022-11-04T13:20:36+00:00","dateModified":"2022-12-30T16:44:57+00:00","description":"For over 35 years, Canusa has been delivering quality, sustainable products and creative and effective financing and logistics solutions.","breadcrumb":{"@id":"https:\/\/canusacorp.com\/who-we-are\/#breadcrumb"},"inLanguage":"es-MX","potentialAction":[{"@type":"ReadAction","target":["https:\/\/canusacorp.com\/who-we-are\/"]}]},{"@type":"BreadcrumbList","@id":"https:\/\/canusacorp.com\/who-we-are\/#breadcrumb","itemListElement":[{"@type":"ListItem","position":1,"name":"Home","item":"https:\/\/canusacorp.com\/"},{"@type":"ListItem","position":2,"name":"Who we are"}]},{"@type":"WebSite","@id":"https:\/\/canusacorp.com\/#website","url":"https:\/\/canusacorp.com\/","name":"Canusa Paper and Packaging","description":"Paper, Packaging &amp; Recyclable Commodities","publisher":{"@id":"https:\/\/canusacorp.com\/#organization"},"potentialAction":[{"@type":"SearchAction","target":{"@type":"EntryPoint","urlTemplate":"https:\/\/canusacorp.com\/?s={search_term_string}"},"query-input":{"@type":"PropertyValueSpecification","valueRequired":true,"valueName":"search_term_string"}}],"inLanguage":"es-MX"},{"@type":"Organization","@id":"https:\/\/canusacorp.com\/#organization","name":"Corporaci\u00f3n Canusa","url":"https:\/\/canusacorp.com\/","logo":{"@type":"ImageObject","inLanguage":"es-MX","@id":"https:\/\/canusacorp.com\/#\/schema\/logo\/image\/","url":"https:\/\/canusacorp.com\/wp-content\/uploads\/2022\/11\/Canusa.jpg","contentUrl":"https:\/\/canusacorp.com\/wp-content\/uploads\/2022\/11\/Canusa.jpg","width":1500,"height":646,"caption":"Canusa Corporation"},"image":{"@id":"https:\/\/canusacorp.com\/#\/schema\/logo\/image\/"}}]}},"featured_image_src":null,"featured_image_src_square":null,"_links":{"self":[{"href":"https:\/\/canusacorp.com\/es\/wp-json\/wp\/v2\/pages\/124","targetHints":{"allow":["GET"]}}],"collection":[{"href":"https:\/\/canusacorp.com\/es\/wp-json\/wp\/v2\/pages"}],"about":[{"href":"https:\/\/canusacorp.com\/es\/wp-json\/wp\/v2\/types\/page"}],"author":[{"embeddable":true,"href":"https:\/\/canusacorp.com\/es\/wp-json\/wp\/v2\/users\/1"}],"replies":[{"embeddable":true,"href":"https:\/\/canusacorp.com\/es\/wp-json\/wp\/v2\/comments?post=124"}],"version-history":[{"count":0,"href":"https:\/\/canusacorp.com\/es\/wp-json\/wp\/v2\/pages\/124\/revisions"}],"wp:attachment":[{"href":"https:\/\/canusacorp.com\/es\/wp-json\/wp\/v2\/media?parent=124"}],"curies":[{"name":"wp","href":"https:\/\/api.w.org\/{rel}","templated":true}]}}