{"id":124,"date":"2022-11-04T13:20:36","date_gmt":"2022-11-04T13:20:36","guid":{"rendered":"https:\/\/canusacorp.com\/?page_id=124"},"modified":"2022-12-30T16:44:57","modified_gmt":"2022-12-30T16:44:57","slug":"who-we-are","status":"publish","type":"page","link":"https:\/\/canusacorp.com\/fr\/who-we-are\/","title":{"rendered":"Qui nous sommes"},"content":{"rendered":"<p>[et_pb_section fb_built=&#8221;1&#8243; custom_padding_last_edited=&#8221;on|phone&#8221; _builder_version=&#8221;4.18.1&#8243; _module_preset=&#8221;default&#8221; background_color=&#8221;rgba(0,0,0,0.27)&#8221; background_image=&#8221;https:\/\/canusacorp.com\/wp-content\/uploads\/2022\/12\/History.jpg&#8221; background_position=&#8221;top_center&#8221; background_blend=&#8221;overlay&#8221; background_enable_video_mp4=&#8221;off&#8221; background_video_width=&#8221;100%&#8221; custom_padding=&#8221;335px||235px||false|false&#8221; custom_padding_tablet=&#8221;200px||||false|false&#8221; custom_padding_phone=&#8221;100px||125px||false|false&#8221; global_colors_info=&#8221;{}&#8221;][et_pb_row _builder_version=&#8221;4.18.1&#8243; _module_preset=&#8221;default&#8221; width=&#8221;90%&#8221; max_width=&#8221;1440px&#8221; global_colors_info=&#8221;{}&#8221;][et_pb_column type=&#8221;4_4&#8243; _builder_version=&#8221;4.18.1&#8243; _module_preset=&#8221;default&#8221; global_colors_info=&#8221;{}&#8221;][et_pb_text _builder_version=&#8221;4.18.1&#8243; _module_preset=&#8221;default&#8221; header_font=&#8221;Oswald|700|||||||&#8221; header_text_color=&#8221;#FFFFFF&#8221; header_font_size=&#8221;57px&#8221; animation_style=&#8221;slide&#8221; animation_direction=&#8221;top&#8221; header_font_size_tablet=&#8221;57px&#8221; header_font_size_phone=&#8221;40px&#8221; header_font_size_last_edited=&#8221;on|phone&#8221; global_colors_info=&#8221;{}&#8221;]<\/p>\n<h1>Histoire<\/h1>\n<p>[\/et_pb_text][\/et_pb_column][\/et_pb_row][\/et_pb_section][et_pb_section fb_built=&#8221;1&#8243; disabled_on=&#8221;on|on|on&#8221; _builder_version=&#8221;4.18.1&#8243; _module_preset=&#8221;default&#8221; background_color=&#8221;RGBA(255,255,255,0)&#8221; custom_margin=&#8221;-175px||||false|false&#8221; custom_margin_tablet=&#8221;-175px||||false|false&#8221; custom_margin_phone=&#8221;-100px||||false|false&#8221; custom_margin_last_edited=&#8221;on|phone&#8221; custom_padding=&#8221;0px||0px||true|false&#8221; disabled=&#8221;on&#8221; global_colors_info=&#8221;{}&#8221;][et_pb_row custom_padding_last_edited=&#8221;on|phone&#8221; _builder_version=&#8221;4.18.1&#8243; _module_preset=&#8221;default&#8221; background_color=&#8221;#009247&#8243; width=&#8221;90%&#8221; max_width=&#8221;967px&#8221; custom_padding=&#8221;40px|150px|60px|150px|false|true&#8221; custom_padding_tablet=&#8221;|0px||0px|false|true&#8221; custom_padding_phone=&#8221;40px|15px|40px|15px|false|true&#8221; global_colors_info=&#8221;{}&#8221;][et_pb_column type=&#8221;4_4&#8243; _builder_version=&#8221;4.18.1&#8243; _module_preset=&#8221;default&#8221; global_colors_info=&#8221;{}&#8221;][et_pb_text _builder_version=&#8221;4.18.1&#8243; _module_preset=&#8221;default&#8221; text_font=&#8221;Oswald|300|||||||&#8221; text_text_color=&#8221;#FFFFFF&#8221; text_font_size=&#8221;52px&#8221; text_line_height=&#8221;1.3em&#8221; text_orientation=&#8221;center&#8221; width_tablet=&#8221;100%&#8221; width_phone=&#8221;100%&#8221; width_last_edited=&#8221;on|tablet&#8221; custom_padding=&#8221;|51px|25px|51px|false|true&#8221; custom_padding_tablet=&#8221;|51px|25px|51px|false|true&#8221; custom_padding_phone=&#8221;|0px|25px|0px|false|true&#8221; custom_padding_last_edited=&#8221;on|phone&#8221; animation_style=&#8221;slide&#8221; animation_direction=&#8221;bottom&#8221; text_font_size_tablet=&#8221;52px&#8221; text_font_size_phone=&#8221;28px&#8221; text_font_size_last_edited=&#8221;on|phone&#8221; border_width_bottom=&#8221;2px&#8221; border_color_bottom=&#8221;rgba(255,255,255,0.34)&#8221; global_colors_info=&#8221;{}&#8221;]<\/p>\n<p>\u201cLorem ipsum dolor sit amet, consetetur sadipscing elitr\u201d<\/p>\n<p>[\/et_pb_text][\/et_pb_column][\/et_pb_row][\/et_pb_section][et_pb_section fb_built=&#8221;1&#8243; custom_padding_last_edited=&#8221;on|phone&#8221; _builder_version=&#8221;4.18.1&#8243; _module_preset=&#8221;default&#8221; custom_padding=&#8221;65px||50px||false|false&#8221; custom_padding_tablet=&#8221;65px||50px||false|false&#8221; custom_padding_phone=&#8221;45px||50px||false|false&#8221; global_colors_info=&#8221;{}&#8221;][et_pb_row column_structure=&#8221;1_2,1_2&#8243; use_custom_gutter=&#8221;on&#8221; gutter_width=&#8221;2&#8243; make_equal=&#8221;on&#8221; _builder_version=&#8221;4.18.1&#8243; _module_preset=&#8221;default&#8221; width=&#8221;100%&#8221; max_width=&#8221;2560px&#8221; max_width_last_edited=&#8221;off|desktop&#8221; custom_padding=&#8221;0px||0px||true|false&#8221; global_colors_info=&#8221;{}&#8221;][et_pb_column type=&#8221;1_2&#8243; _builder_version=&#8221;4.18.1&#8243; _module_preset=&#8221;default&#8221; custom_padding=&#8221;4%||||false|false&#8221; custom_css_main_element=&#8221;display:flex;&#8221; global_colors_info=&#8221;{}&#8221;][et_pb_image src=&#8221;https:\/\/canusacorp.com\/wp-content\/uploads\/2022\/11\/history-img.jpg&#8221; title_text=&#8221;history-img&#8221; _builder_version=&#8221;4.18.1&#8243; _module_preset=&#8221;default&#8221; animation_style=&#8221;slide&#8221; global_colors_info=&#8221;{}&#8221;][\/et_pb_image][\/et_pb_column][et_pb_column type=&#8221;1_2&#8243; _builder_version=&#8221;4.18.1&#8243; _module_preset=&#8221;default&#8221; custom_padding=&#8221;|10%|||false|false&#8221; custom_padding_tablet=&#8221;|0%|||false|false&#8221; custom_padding_phone=&#8221;|0%|||false|false&#8221; custom_padding_last_edited=&#8221;on|phone&#8221; custom_css_main_element=&#8221;display:flex;&#8221; global_colors_info=&#8221;{}&#8221;][et_pb_text module_class=&#8221;p-s&#8221; _builder_version=&#8221;4.18.1&#8243; _module_preset=&#8221;default&#8221; text_font=&#8221;||||||||&#8221; text_text_color=&#8221;#666666&#8243; text_font_size=&#8221;24px&#8221; text_line_height=&#8221;2em&#8221; custom_margin=&#8221;||||false|false&#8221; custom_padding_tablet=&#8221;|20px||20px|false|true&#8221; custom_padding_phone=&#8221;|15px||15px|false|true&#8221; custom_padding_last_edited=&#8221;on|phone&#8221; text_font_size_tablet=&#8221;24px&#8221; text_font_size_phone=&#8221;18px&#8221; text_font_size_last_edited=&#8221;on|phone&#8221; text_line_height_tablet=&#8221;2em&#8221; text_line_height_phone=&#8221;1.7em&#8221; text_line_height_last_edited=&#8221;on|phone&#8221; global_colors_info=&#8221;{}&#8221;]<\/p>\n<p>Les origines de Canusa remontent \u00e0 1974, lorsque le fondateur et pr\u00e9sident, Bruce W. Fleming, a d\u00e9but\u00e9 sa carri\u00e8re dans les industries du papier et du recyclage alors qu&#039;il \u00e9tudiait \u00e0 l&#039;Universit\u00e9 de Princeton. <span>Fleming a ressuscit\u00e9 le programme de recyclage de l&#039;Universit\u00e9 et a termin\u00e9 sa th\u00e8se de fin d&#039;\u00e9tudes sur les aspects \u00e9conomiques de la production de papier \u00e0 partir de fibres recycl\u00e9es.<\/span> Apr\u00e8s trois ans chez Garden State Paper Company, la premi\u00e8re usine de papier journal recycl\u00e9 100% au monde, Fleming a fond\u00e9 ce qui est finalement devenu Canusa en 1981 en tant que n\u00e9gociant national de fibres r\u00e9cup\u00e9r\u00e9es.<\/p>\n<p>En 1985, Fleming s&#039;est associ\u00e9 \u00e0 la soci\u00e9t\u00e9 canadienne Cascades pour former Cascades USA. <span>Partiellement ax\u00e9e sur l&#039;approvisionnement en fibre recycl\u00e9e pour les usines de Cascades, la croissance de l&#039;entreprise au cours des ann\u00e9es suivantes a suscit\u00e9 une volont\u00e9 mutuelle d&#039;\u00e9tablir l&#039;ind\u00e9pendance de l&#039;entreprise et une entente subs\u00e9quente pour un rachat par la direction de la participation de Cascades.<\/span>\u00a0C&#039;est alors que <strong>Soci\u00e9t\u00e9 Canusa<\/strong> est officiellement n\u00e9.<\/p>\n<p>[\/et_pb_text][\/et_pb_column][\/et_pb_row][\/et_pb_section][et_pb_section fb_built=&#8221;1&#8243; custom_padding_last_edited=&#8221;on|phone&#8221; _builder_version=&#8221;4.18.1&#8243; _module_preset=&#8221;default&#8221; custom_padding=&#8221;25px||50px||false|false&#8221; custom_padding_tablet=&#8221;|20px||20px|false|true&#8221; custom_padding_phone=&#8221;0px|15px|50px|15px|false|true&#8221; global_colors_info=&#8221;{}&#8221;][et_pb_row use_custom_gutter=&#8221;on&#8221; gutter_width=&#8221;2&#8243; make_equal=&#8221;on&#8221; _builder_version=&#8221;4.18.1&#8243; _module_preset=&#8221;default&#8221; width=&#8221;90%&#8221; max_width=&#8221;1440px&#8221; max_width_last_edited=&#8221;off|desktop&#8221; custom_padding=&#8221;0px||0px||true|false&#8221; global_colors_info=&#8221;{}&#8221;][et_pb_column type=&#8221;4_4&#8243; _builder_version=&#8221;4.18.1&#8243; _module_preset=&#8221;default&#8221; custom_padding=&#8221;||||false|false&#8221; custom_css_main_element=&#8221;display:flex;&#8221; global_colors_info=&#8221;{}&#8221;][et_pb_text module_class=&#8221;p-s&#8221; _builder_version=&#8221;4.18.1&#8243; _module_preset=&#8221;default&#8221; text_font=&#8221;||||||||&#8221; text_text_color=&#8221;#666666&#8243; text_font_size=&#8221;24px&#8221; text_line_height=&#8221;2em&#8221; custom_margin=&#8221;||||false|false&#8221; text_font_size_tablet=&#8221;24px&#8221; text_font_size_phone=&#8221;18px&#8221; text_font_size_last_edited=&#8221;on|phone&#8221; text_line_height_tablet=&#8221;2em&#8221; text_line_height_phone=&#8221;1.7em&#8221; text_line_height_last_edited=&#8221;on|phone&#8221; global_colors_info=&#8221;{}&#8221;]<\/p>\n<p>En 1989, Canusa s&#039;est d\u00e9velopp\u00e9e pour commencer \u00e0 commercialiser du carton-caisse et d&#039;autres papiers industriels pour l&#039;industrie de l&#039;emballage. <span>Canusa a rapidement d\u00e9velopp\u00e9 un cr\u00e9neau de vente de carton-caisse pour l&#039;industrie sud-am\u00e9ricaine de la banane et des fruits. Cela a d\u00e9clench\u00e9 l&#039;orientation internationale de Canusa et l&#039;av\u00e8nement de Canusa Paper &amp; Packaging.<\/span> Aujourd&#039;hui, Canusa Paper &amp; Packaging est l&#039;un des principaux fournisseurs ind\u00e9pendants au monde de produits et de solutions de cha\u00eene d&#039;approvisionnement pour les producteurs et les consommateurs de carton-caisse et d&#039;autres papiers d&#039;emballage.<\/p>\n<p>En 2002, Canusa a fusionn\u00e9 ses activit\u00e9s de recyclage avec son principal concurrent, Hershman Recycling, pour former Canusa Hershman Recycling. Par la suite, \u00ab CHRC \u00bb a cofond\u00e9 Newport CH International pour se concentrer sur la vente sur le march\u00e9 asiatique en pleine croissance. Ensemble, CHRC et Newport commercialisent d\u00e9sormais plus de deux millions de tonnes par an de mat\u00e9riaux r\u00e9cup\u00e9r\u00e9s et 120 000 tonnes par an de r\u00e9sines plastiques.<\/p>\n<p>Canusa et ses soci\u00e9t\u00e9s affili\u00e9es continuent d&#039;\u00e9voluer et de se d\u00e9velopper en proposant des produits de qualit\u00e9 et durables, une connaissance et un service sup\u00e9rieurs du march\u00e9, ainsi que des solutions de financement et de logistique cr\u00e9atives et efficaces.<\/p>\n<p>[\/et_pb_text][\/et_pb_column][\/et_pb_row][\/et_pb_section][et_pb_section fb_built=&#8221;1&#8243; custom_padding_last_edited=&#8221;on|phone&#8221; _builder_version=&#8221;4.18.1&#8243; _module_preset=&#8221;default&#8221; custom_padding=&#8221;35px||50px||false|false&#8221; custom_padding_tablet=&#8221;|20px||20px|false|true&#8221; custom_padding_phone=&#8221;0px|15px|50px|15px|false|true&#8221; global_colors_info=&#8221;{}&#8221;][et_pb_row column_structure=&#8221;1_3,1_3,1_3&#8243; use_custom_gutter=&#8221;on&#8221; gutter_width=&#8221;2&#8243; make_equal=&#8221;on&#8221; _builder_version=&#8221;4.18.1&#8243; _module_preset=&#8221;default&#8221; width=&#8221;90%&#8221; max_width=&#8221;1220px&#8221; max_width_last_edited=&#8221;off|desktop&#8221; custom_padding=&#8221;0px||0px||true|false&#8221; global_colors_info=&#8221;{}&#8221;][et_pb_column type=&#8221;1_3&#8243; _builder_version=&#8221;4.18.1&#8243; _module_preset=&#8221;default&#8221; custom_padding=&#8221;||||false|false&#8221; custom_css_main_element=&#8221;display:flex;&#8221; global_colors_info=&#8221;{}&#8221;][et_pb_image src=&#8221;https:\/\/canusacorp.com\/wp-content\/uploads\/2022\/12\/Bruce1974-scaled.jpg&#8221; title_text=&#8221;Bruce1974&#8243; _builder_version=&#8221;4.18.1&#8243; _module_preset=&#8221;default&#8221; global_colors_info=&#8221;{}&#8221;][\/et_pb_image][\/et_pb_column][et_pb_column type=&#8221;1_3&#8243; _builder_version=&#8221;4.18.1&#8243; _module_preset=&#8221;default&#8221; custom_padding=&#8221;||0px||false|false&#8221; custom_css_main_element=&#8221;display:flex;&#8221; global_colors_info=&#8221;{}&#8221;][et_pb_image src=&#8221;https:\/\/canusacorp.com\/wp-content\/uploads\/2022\/11\/1980.jpg&#8221; title_text=&#8221;1980&#8243; force_fullwidth=&#8221;on&#8221; _builder_version=&#8221;4.18.1&#8243; _module_preset=&#8221;default&#8221; animation_style=&#8221;slide&#8221; box_shadow_style=&#8221;preset2&#8243; box_shadow_horizontal=&#8221;4px&#8221; box_shadow_vertical=&#8221;4px&#8221; box_shadow_blur=&#8221;16px&#8221; box_shadow_color=&#8221;rgba(0,0,0,0.22)&#8221; global_colors_info=&#8221;{}&#8221;][\/et_pb_image][\/et_pb_column][et_pb_column type=&#8221;1_3&#8243; _builder_version=&#8221;4.18.1&#8243; _module_preset=&#8221;default&#8221; custom_padding=&#8221;||0px||false|false&#8221; custom_css_main_element=&#8221;display:flex;&#8221; global_colors_info=&#8221;{}&#8221;][et_pb_image src=&#8221;https:\/\/canusacorp.com\/wp-content\/uploads\/2022\/11\/add-img.jpg&#8221; title_text=&#8221;add-img&#8221; _builder_version=&#8221;4.18.1&#8243; _module_preset=&#8221;default&#8221; width=&#8221;86%&#8221; width_tablet=&#8221;100%&#8221; width_phone=&#8221;100%&#8221; width_last_edited=&#8221;on|phone&#8221; custom_margin=&#8221;|||5px|false|false&#8221; animation_style=&#8221;slide&#8221; box_shadow_style=&#8221;preset2&#8243; box_shadow_color=&#8221;rgba(0,0,0,0.19)&#8221; global_colors_info=&#8221;{}&#8221;][\/et_pb_image][\/et_pb_column][\/et_pb_row][\/et_pb_section]<\/p>","protected":false},"excerpt":{"rendered":"<p>History\u201cLorem ipsum dolor sit amet, consetetur sadipscing elitr\u201dCanusa traces its roots back to 1974 when Founder and President, Bruce W. Fleming, began his career in the paper and recycling industries while studying at Princeton University. Fleming resurrected the University&#8217;s recycling program and completed his senior thesis on the economics of producing paper from recycled fiber. [&hellip;]<\/p>","protected":false},"author":1,"featured_media":0,"parent":0,"menu_order":0,"comment_status":"closed","ping_status":"closed","template":"","meta":{"_et_pb_use_builder":"on","_et_pb_old_content":"","_et_gb_content_width":"","om_disable_all_campaigns":false,"inline_featured_image":false,"_monsterinsights_skip_tracking":false,"_monsterinsights_sitenote_active":false,"_monsterinsights_sitenote_note":"","_monsterinsights_sitenote_category":0,"footnotes":""},"class_list":["post-124","page","type-page","status-publish","hentry"],"yoast_head":"<!-- This site is optimized with the Yoast SEO plugin v26.6 - https:\/\/yoast.com\/wordpress\/plugins\/seo\/ -->\n<title>Who We Are | Canusa Paper &amp; Packaging<\/title>\n<meta name=\"description\" content=\"For over 35 years, Canusa has been delivering quality, sustainable products and creative and effective financing and logistics solutions.\" \/>\n<meta name=\"robots\" content=\"index, follow, max-snippet:-1, max-image-preview:large, max-video-preview:-1\" \/>\n<link rel=\"canonical\" href=\"https:\/\/canusacorp.com\/fr\/who-we-are\/\" \/>\n<meta property=\"og:locale\" content=\"fr_FR\" \/>\n<meta property=\"og:type\" content=\"article\" \/>\n<meta property=\"og:title\" content=\"Who We Are | Canusa Paper &amp; Packaging\" \/>\n<meta property=\"og:description\" content=\"For over 35 years, Canusa has been delivering quality, sustainable products and creative and effective financing and logistics solutions.\" \/>\n<meta property=\"og:url\" content=\"https:\/\/canusacorp.com\/fr\/who-we-are\/\" \/>\n<meta property=\"og:site_name\" content=\"Canusa Paper and Packaging\" \/>\n<meta property=\"article:modified_time\" content=\"2022-12-30T16:44:57+00:00\" \/>\n<meta name=\"twitter:card\" content=\"summary_large_image\" \/>\n<meta name=\"twitter:label1\" content=\"Dur\u00e9e de lecture estim\u00e9e\" \/>\n\t<meta name=\"twitter:data1\" content=\"3 minutes\" \/>\n<script type=\"application\/ld+json\" class=\"yoast-schema-graph\">{\"@context\":\"https:\/\/schema.org\",\"@graph\":[{\"@type\":\"WebPage\",\"@id\":\"https:\/\/canusacorp.com\/who-we-are\/\",\"url\":\"https:\/\/canusacorp.com\/who-we-are\/\",\"name\":\"Who We Are | Canusa Paper & Packaging\",\"isPartOf\":{\"@id\":\"https:\/\/canusacorp.com\/#website\"},\"datePublished\":\"2022-11-04T13:20:36+00:00\",\"dateModified\":\"2022-12-30T16:44:57+00:00\",\"description\":\"For over 35 years, Canusa has been delivering quality, sustainable products and creative and effective financing and logistics solutions.\",\"breadcrumb\":{\"@id\":\"https:\/\/canusacorp.com\/who-we-are\/#breadcrumb\"},\"inLanguage\":\"fr-FR\",\"potentialAction\":[{\"@type\":\"ReadAction\",\"target\":[\"https:\/\/canusacorp.com\/who-we-are\/\"]}]},{\"@type\":\"BreadcrumbList\",\"@id\":\"https:\/\/canusacorp.com\/who-we-are\/#breadcrumb\",\"itemListElement\":[{\"@type\":\"ListItem\",\"position\":1,\"name\":\"Home\",\"item\":\"https:\/\/canusacorp.com\/\"},{\"@type\":\"ListItem\",\"position\":2,\"name\":\"Who we are\"}]},{\"@type\":\"WebSite\",\"@id\":\"https:\/\/canusacorp.com\/#website\",\"url\":\"https:\/\/canusacorp.com\/\",\"name\":\"Canusa Paper and Packaging\",\"description\":\"Paper, Packaging &amp; Recyclable Commodities\",\"publisher\":{\"@id\":\"https:\/\/canusacorp.com\/#organization\"},\"potentialAction\":[{\"@type\":\"SearchAction\",\"target\":{\"@type\":\"EntryPoint\",\"urlTemplate\":\"https:\/\/canusacorp.com\/?s={search_term_string}\"},\"query-input\":{\"@type\":\"PropertyValueSpecification\",\"valueRequired\":true,\"valueName\":\"search_term_string\"}}],\"inLanguage\":\"fr-FR\"},{\"@type\":\"Organization\",\"@id\":\"https:\/\/canusacorp.com\/#organization\",\"name\":\"Canusa Corporation\",\"url\":\"https:\/\/canusacorp.com\/\",\"logo\":{\"@type\":\"ImageObject\",\"inLanguage\":\"fr-FR\",\"@id\":\"https:\/\/canusacorp.com\/#\/schema\/logo\/image\/\",\"url\":\"https:\/\/canusacorp.com\/wp-content\/uploads\/2022\/11\/Canusa.jpg\",\"contentUrl\":\"https:\/\/canusacorp.com\/wp-content\/uploads\/2022\/11\/Canusa.jpg\",\"width\":1500,\"height\":646,\"caption\":\"Canusa Corporation\"},\"image\":{\"@id\":\"https:\/\/canusacorp.com\/#\/schema\/logo\/image\/\"}}]}<\/script>\n<!-- \/ Yoast SEO plugin. -->","yoast_head_json":{"title":"Who We Are | Canusa Paper & Packaging","description":"For over 35 years, Canusa has been delivering quality, sustainable products and creative and effective financing and logistics solutions.","robots":{"index":"index","follow":"follow","max-snippet":"max-snippet:-1","max-image-preview":"max-image-preview:large","max-video-preview":"max-video-preview:-1"},"canonical":"https:\/\/canusacorp.com\/fr\/who-we-are\/","og_locale":"fr_FR","og_type":"article","og_title":"Who We Are | Canusa Paper & Packaging","og_description":"For over 35 years, Canusa has been delivering quality, sustainable products and creative and effective financing and logistics solutions.","og_url":"https:\/\/canusacorp.com\/fr\/who-we-are\/","og_site_name":"Canusa Paper and Packaging","article_modified_time":"2022-12-30T16:44:57+00:00","twitter_card":"summary_large_image","twitter_misc":{"Dur\u00e9e de lecture estim\u00e9e":"3 minutes"},"schema":{"@context":"https:\/\/schema.org","@graph":[{"@type":"WebPage","@id":"https:\/\/canusacorp.com\/who-we-are\/","url":"https:\/\/canusacorp.com\/who-we-are\/","name":"Who We Are | Canusa Paper & Packaging","isPartOf":{"@id":"https:\/\/canusacorp.com\/#website"},"datePublished":"2022-11-04T13:20:36+00:00","dateModified":"2022-12-30T16:44:57+00:00","description":"For over 35 years, Canusa has been delivering quality, sustainable products and creative and effective financing and logistics solutions.","breadcrumb":{"@id":"https:\/\/canusacorp.com\/who-we-are\/#breadcrumb"},"inLanguage":"fr-FR","potentialAction":[{"@type":"ReadAction","target":["https:\/\/canusacorp.com\/who-we-are\/"]}]},{"@type":"BreadcrumbList","@id":"https:\/\/canusacorp.com\/who-we-are\/#breadcrumb","itemListElement":[{"@type":"ListItem","position":1,"name":"Home","item":"https:\/\/canusacorp.com\/"},{"@type":"ListItem","position":2,"name":"Who we are"}]},{"@type":"WebSite","@id":"https:\/\/canusacorp.com\/#website","url":"https:\/\/canusacorp.com\/","name":"Canusa Paper and Packaging","description":"Paper, Packaging &amp; Recyclable Commodities","publisher":{"@id":"https:\/\/canusacorp.com\/#organization"},"potentialAction":[{"@type":"SearchAction","target":{"@type":"EntryPoint","urlTemplate":"https:\/\/canusacorp.com\/?s={search_term_string}"},"query-input":{"@type":"PropertyValueSpecification","valueRequired":true,"valueName":"search_term_string"}}],"inLanguage":"fr-FR"},{"@type":"Organization","@id":"https:\/\/canusacorp.com\/#organization","name":"Soci\u00e9t\u00e9 Canusa","url":"https:\/\/canusacorp.com\/","logo":{"@type":"ImageObject","inLanguage":"fr-FR","@id":"https:\/\/canusacorp.com\/#\/schema\/logo\/image\/","url":"https:\/\/canusacorp.com\/wp-content\/uploads\/2022\/11\/Canusa.jpg","contentUrl":"https:\/\/canusacorp.com\/wp-content\/uploads\/2022\/11\/Canusa.jpg","width":1500,"height":646,"caption":"Canusa Corporation"},"image":{"@id":"https:\/\/canusacorp.com\/#\/schema\/logo\/image\/"}}]}},"featured_image_src":null,"featured_image_src_square":null,"_links":{"self":[{"href":"https:\/\/canusacorp.com\/fr\/wp-json\/wp\/v2\/pages\/124","targetHints":{"allow":["GET"]}}],"collection":[{"href":"https:\/\/canusacorp.com\/fr\/wp-json\/wp\/v2\/pages"}],"about":[{"href":"https:\/\/canusacorp.com\/fr\/wp-json\/wp\/v2\/types\/page"}],"author":[{"embeddable":true,"href":"https:\/\/canusacorp.com\/fr\/wp-json\/wp\/v2\/users\/1"}],"replies":[{"embeddable":true,"href":"https:\/\/canusacorp.com\/fr\/wp-json\/wp\/v2\/comments?post=124"}],"version-history":[{"count":0,"href":"https:\/\/canusacorp.com\/fr\/wp-json\/wp\/v2\/pages\/124\/revisions"}],"wp:attachment":[{"href":"https:\/\/canusacorp.com\/fr\/wp-json\/wp\/v2\/media?parent=124"}],"curies":[{"name":"wp","href":"https:\/\/api.w.org\/{rel}","templated":true}]}}